{"id":861,"date":"2026-03-09T13:02:13","date_gmt":"2026-03-09T13:02:13","guid":{"rendered":"https:\/\/vihertava.fi\/?page_id=861"},"modified":"2026-03-26T12:19:50","modified_gmt":"2026-03-26T12:19:50","slug":"omenapuiden-leikkaus","status":"publish","type":"page","link":"https:\/\/vihertava.fi\/index.php\/puutarhablogi\/omenapuiden-leikkaus\/","title":{"rendered":"Omenapuiden leikkaus"},"content":{"rendered":"\t\t<div data-elementor-type=\"wp-page\" data-elementor-id=\"861\" class=\"elementor elementor-861\">\n\t\t\t\t<div class=\"elementor-element elementor-element-9fdb69b e-con-full e-flex e-con e-parent\" data-id=\"9fdb69b\" data-element_type=\"container\" data-e-type=\"container\" data-settings=\"{&quot;background_background&quot;:&quot;classic&quot;}\">\n\t\t\t\t<div class=\"elementor-element elementor-element-1b84c97 elementor-widget elementor-widget-heading\" data-id=\"1b84c97\" data-element_type=\"widget\" data-e-type=\"widget\" data-widget_type=\"heading.default\">\n\t\t\t\t\t<h2 class=\"elementor-heading-title elementor-size-default\">Omenapuiden leikkaus - n\u00e4in saat paremman sadon<\/h2>\t\t\t\t<\/div>\n\t\t\t\t<div class=\"elementor-element elementor-element-f0d79c0 elementor-widget elementor-widget-text-editor\" data-id=\"f0d79c0\" data-element_type=\"widget\" data-e-type=\"widget\" data-widget_type=\"text-editor.default\">\n\t\t\t\t\t\t\t\t\t<div data-id=\"68f8a0c4\" data-element_type=\"container\" data-e-type=\"container\"><div data-id=\"6f366be1\" data-element_type=\"widget\" data-e-type=\"widget\" data-widget_type=\"text-editor.default\"><p><strong>Omenapuiden leikkaus &#8211; n\u00e4in pid\u00e4t puun terveen\u00e4 ja sadon runsaana.<\/strong><\/p><\/div><\/div>\t\t\t\t\t\t\t\t<\/div>\n\t\t\t\t<div class=\"elementor-element elementor-element-4a99287 elementor-widget elementor-widget-text-editor\" data-id=\"4a99287\" data-element_type=\"widget\" data-e-type=\"widget\" data-widget_type=\"text-editor.default\">\n\t\t\t\t\t\t\t\t\t<p>T\u00e4ss\u00e4 oppaassa k\u00e4ymme l\u00e4pi miksi omenapuun leikkaus on t\u00e4rke\u00e4\u00e4 ja milloin se kannattaa tehd\u00e4.<\/p>\t\t\t\t\t\t\t\t<\/div>\n\t\t\t\t<div class=\"elementor-element elementor-element-8e1a03f elementor-widget elementor-widget-text-editor\" data-id=\"8e1a03f\" data-element_type=\"widget\" data-e-type=\"widget\" data-widget_type=\"text-editor.default\">\n\t\t\t\t\t\t\t\t\t<div class=\"elementor-element elementor-element-68f8a0c4 e-con-full e-flex e-con e-parent e-lazyloaded\" data-id=\"68f8a0c4\" data-element_type=\"container\" data-e-type=\"container\"><div class=\"elementor-element elementor-element-7c334e34 elementor-widget elementor-widget-text-editor\" data-id=\"7c334e34\" data-element_type=\"widget\" data-e-type=\"widget\" data-widget_type=\"text-editor.default\"><p>Omenapuun leikkaus on yksi t\u00e4rkeimmist\u00e4 toimenpiteist\u00e4, joilla voit pit\u00e4\u00e4 omenapuun terveen\u00e4 ja varmistaa hyv\u00e4n sadon vuodesta toiseen. Oikein tehty omenapuun leikkaus auttaa puuta kasvamaan vahvaksi, parantaa valon ja ilman p\u00e4\u00e4sy\u00e4 latvukseen sek\u00e4 ohjaa puun energiaa hedelmien tuottamiseen.<\/p><\/div><\/div>\t\t\t\t\t\t\t\t<\/div>\n\t\t\t\t<\/div>\n\t\t<div class=\"elementor-element elementor-element-2d130f5 e-con-full e-flex e-con e-parent\" data-id=\"2d130f5\" data-element_type=\"container\" data-e-type=\"container\">\n\t\t\t\t<div class=\"elementor-element elementor-element-4fbb940 elementor-widget elementor-widget-spacer\" data-id=\"4fbb940\" data-element_type=\"widget\" data-e-type=\"widget\" data-widget_type=\"spacer.default\">\n\t\t\t\t\t\t\t<div class=\"elementor-spacer\">\n\t\t\t<div class=\"elementor-spacer-inner\"><\/div>\n\t\t<\/div>\n\t\t\t\t\t\t<\/div>\n\t\t\t\t<div class=\"elementor-element elementor-element-81b75ff elementor-widget elementor-widget-heading\" data-id=\"81b75ff\" data-element_type=\"widget\" data-e-type=\"widget\" data-widget_type=\"heading.default\">\n\t\t\t\t\t<h3 class=\"elementor-heading-title elementor-size-default\">Miksi omenapuun leikkaus on t\u00e4rke\u00e4\u00e4?<\/h3>\t\t\t\t<\/div>\n\t\t\t\t<div class=\"elementor-element elementor-element-d5289f5 elementor-widget elementor-widget-text-editor\" data-id=\"d5289f5\" data-element_type=\"widget\" data-e-type=\"widget\" data-widget_type=\"text-editor.default\">\n\t\t\t\t\t\t\t\t\t<p>Omenapuun leikkaaminen ei ole pelkk\u00e4\u00e4 puun muotoilua. Se vaikuttaa suoraan puun terveyteen ja sadon laatuun.<\/p>\t\t\t\t\t\t\t\t<\/div>\n\t\t\t\t<div class=\"elementor-element elementor-element-a69110d elementor-widget elementor-widget-text-editor\" data-id=\"a69110d\" data-element_type=\"widget\" data-e-type=\"widget\" data-widget_type=\"text-editor.default\">\n\t\t\t\t\t\t\t\t\t<ol><li><h5>Puun terveyden yll\u00e4pit\u00e4minen<\/h5><\/li><\/ol><p>Kuolleet ja vaurioituneet oksat voivat levitt\u00e4\u00e4 tauteja ja houkutella tuholaisia. Kun n\u00e4m\u00e4 oksat poistetaan, puu pysyy elinvoimaisena ja terveen\u00e4.<\/p>\t\t\t\t\t\t\t\t<\/div>\n\t\t\t\t<\/div>\n\t\t<div class=\"elementor-element elementor-element-e41e24f e-con-full e-flex e-con e-parent\" data-id=\"e41e24f\" data-element_type=\"container\" data-e-type=\"container\">\n\t\t<div class=\"elementor-element elementor-element-0f99995 e-con-full e-flex e-con e-child\" data-id=\"0f99995\" data-element_type=\"container\" data-e-type=\"container\">\n\t\t\t\t<div class=\"elementor-element elementor-element-09d4238 elementor-widget elementor-widget-text-editor\" data-id=\"09d4238\" data-element_type=\"widget\" data-e-type=\"widget\" data-widget_type=\"text-editor.default\">\n\t\t\t\t\t\t\t\t\t<h5>2. Valon p\u00e4\u00e4sy latvukseen<\/h5><p class=\"isSelectedEnd\">Tihe\u00e4 latvus est\u00e4\u00e4 auringonvalon p\u00e4\u00e4syn puun sis\u00e4osiin. Omenapuun leikkaus harventaa latvusta, jolloin valo p\u00e4\u00e4see paremmin hedelmiin. T\u00e4m\u00e4 parantaa omenien v\u00e4ri\u00e4, kokoa ja makua.<\/p>\t\t\t\t\t\t\t\t<\/div>\n\t\t\t\t<div class=\"elementor-element elementor-element-80b75ed elementor-widget elementor-widget-text-editor\" data-id=\"80b75ed\" data-element_type=\"widget\" data-e-type=\"widget\" data-widget_type=\"text-editor.default\">\n\t\t\t\t\t\t\t\t\t<h5>3. Parempi sato<\/h5><p class=\"isSelectedEnd\">Kun puu ei k\u00e4yt\u00e4 energiaa turhaan oksiston kasvattamiseen, se pystyy tuottamaan enemm\u00e4n ja parempia hedelmi\u00e4.<\/p>\t\t\t\t\t\t\t\t<\/div>\n\t\t\t\t<div class=\"elementor-element elementor-element-4d2d72c elementor-widget elementor-widget-text-editor\" data-id=\"4d2d72c\" data-element_type=\"widget\" data-e-type=\"widget\" data-widget_type=\"text-editor.default\">\n\t\t\t\t\t\t\t\t\t<p>Liian tihe\u00e4 latvus est\u00e4\u00e4 auringonvalon p\u00e4\u00e4syn hedelmille, mik\u00e4 voi heikent\u00e4\u00e4 sek\u00e4 satoa ett\u00e4 hedelmien makua.<\/p>\t\t\t\t\t\t\t\t<\/div>\n\t\t\t\t<\/div>\n\t\t<div class=\"elementor-element elementor-element-408577a e-con-full e-flex e-con e-child\" data-id=\"408577a\" data-element_type=\"container\" data-e-type=\"container\">\n\t\t\t\t<div class=\"elementor-element elementor-element-d8cae50 elementor-widget elementor-widget-image\" data-id=\"d8cae50\" data-element_type=\"widget\" data-e-type=\"widget\" data-widget_type=\"image.default\">\n\t\t\t\t\t\t\t\t\t\t\t\t<figure class=\"wp-caption\">\n\t\t\t\t\t\t\t\t\t\t<img decoding=\"async\" src=\"https:\/\/vihertava.fi\/wp-content\/uploads\/elementor\/thumbs\/elsemargriet-apple-9849854_1920-e1773071703736-rk9fa3noziful0l6plynya1qcu71gbfhfmhlprkwro.jpg\" title=\"Omenapuiden leikkaus\" alt=\"Omenapuiden leikkaus\" loading=\"lazy\" \/>\t\t\t\t\t\t\t\t\t\t\t<figcaption class=\"widget-image-caption wp-caption-text\">Omenapuiden leikkaus parantaa sadon laatua<\/figcaption>\n\t\t\t\t\t\t\t\t\t\t<\/figure>\n\t\t\t\t\t\t\t\t\t<\/div>\n\t\t\t\t<\/div>\n\t\t\t\t<\/div>\n\t\t<div class=\"elementor-element elementor-element-e63e13e e-con-full e-flex e-con e-parent\" data-id=\"e63e13e\" data-element_type=\"container\" data-e-type=\"container\">\n\t\t\t\t<div class=\"elementor-element elementor-element-0212ce2 elementor-widget elementor-widget-text-editor\" data-id=\"0212ce2\" data-element_type=\"widget\" data-e-type=\"widget\" data-widget_type=\"text-editor.default\">\n\t\t\t\t\t\t\t\t\t<h5>4. Puun rakenteen vahvistaminen<\/h5><p>S\u00e4\u00e4nn\u00f6llinen omenapuun leikkaaminen auttaa muodostamaan vahvan rungon ja tasapainoisen latvuksen. T\u00e4m\u00e4 tekee puusta my\u00f6s kest\u00e4v\u00e4mm\u00e4n tuulta ja lumikuormaa vastaan.<\/p>\t\t\t\t\t\t\t\t<\/div>\n\t\t\t\t<div class=\"elementor-element elementor-element-8bff0bb elementor-widget elementor-widget-spacer\" data-id=\"8bff0bb\" data-element_type=\"widget\" data-e-type=\"widget\" data-widget_type=\"spacer.default\">\n\t\t\t\t\t\t\t<div class=\"elementor-spacer\">\n\t\t\t<div class=\"elementor-spacer-inner\"><\/div>\n\t\t<\/div>\n\t\t\t\t\t\t<\/div>\n\t\t\t\t<div class=\"elementor-element elementor-element-fba592c elementor-widget elementor-widget-heading\" data-id=\"fba592c\" data-element_type=\"widget\" data-e-type=\"widget\" data-widget_type=\"heading.default\">\n\t\t\t\t\t<h2 class=\"elementor-heading-title elementor-size-default\">Milloin omenapuu kannattaa leikata?<\/h2>\t\t\t\t<\/div>\n\t\t\t\t<div class=\"elementor-element elementor-element-cdf5daf elementor-widget elementor-widget-text-editor\" data-id=\"cdf5daf\" data-element_type=\"widget\" data-e-type=\"widget\" data-widget_type=\"text-editor.default\">\n\t\t\t\t\t\t\t\t\t<p>Oikea ajankohta on t\u00e4rke\u00e4 osa onnistunutta omenapuun leikkausta.<\/p>\t\t\t\t\t\t\t\t<\/div>\n\t\t\t\t<div class=\"elementor-element elementor-element-fef11e8 elementor-widget elementor-widget-heading\" data-id=\"fef11e8\" data-element_type=\"widget\" data-e-type=\"widget\" data-widget_type=\"heading.default\">\n\t\t\t\t\t<h4 class=\"elementor-heading-title elementor-size-default\">Kev\u00e4tleikkaus<\/h4>\t\t\t\t<\/div>\n\t\t\t\t<div class=\"elementor-element elementor-element-68efe57 elementor-widget elementor-widget-text-editor\" data-id=\"68efe57\" data-element_type=\"widget\" data-e-type=\"widget\" data-widget_type=\"text-editor.default\">\n\t\t\t\t\t\t\t\t\t<p>Paras aika omenapuun p\u00e4\u00e4leikkaukselle on yleens\u00e4\u00a0<strong>loppukev\u00e4ttalvesta varhaiseen kev\u00e4\u00e4seen<\/strong>, ennen silmujen puhkeamista. Suomessa t\u00e4m\u00e4 sijoittuu tavallisesti\u00a0<strong>maalis\u2013huhtikuulle<\/strong>.<\/p>\t\t\t\t\t\t\t\t<\/div>\n\t\t\t\t<div class=\"elementor-element elementor-element-f4e381e elementor-widget elementor-widget-text-editor\" data-id=\"f4e381e\" data-element_type=\"widget\" data-e-type=\"widget\" data-widget_type=\"text-editor.default\">\n\t\t\t\t\t\t\t\t\t<p>Kev\u00e4tleikkauksen etuja:<\/p><ul><li style=\"list-style-type: none;\"><ul><li style=\"list-style-type: none;\"><ul data-spread=\"false\"><li><p class=\"isSelectedEnd\">aktivoi puun kasvua<\/p><\/li><li><p class=\"isSelectedEnd\">puu kest\u00e4\u00e4 leikkauksen hyvin<\/p><\/li><li><p class=\"isSelectedEnd\">haavat paranevat nopeasti kasvukauden alkaessa<\/p><\/li><li><p class=\"isSelectedEnd\">puun rakennetta on helppo tarkastella ilman lehti\u00e4<\/p><\/li><\/ul><\/li><\/ul><\/li><\/ul>\t\t\t\t\t\t\t\t<\/div>\n\t\t\t\t<div class=\"elementor-element elementor-element-6444aec elementor-widget elementor-widget-heading\" data-id=\"6444aec\" data-element_type=\"widget\" data-e-type=\"widget\" data-widget_type=\"heading.default\">\n\t\t\t\t\t<h4 class=\"elementor-heading-title elementor-size-default\">Kes\u00e4leikkaus<\/h4>\t\t\t\t<\/div>\n\t\t\t\t<div class=\"elementor-element elementor-element-828f31f elementor-widget elementor-widget-text-editor\" data-id=\"828f31f\" data-element_type=\"widget\" data-e-type=\"widget\" data-widget_type=\"text-editor.default\">\n\t\t\t\t\t\t\t\t\t<p>Kes\u00e4ll\u00e4 voidaan tehd\u00e4 kevytt\u00e4 yll\u00e4pitoleikkausta.<\/p>\t\t\t\t\t\t\t\t<\/div>\n\t\t\t\t<div class=\"elementor-element elementor-element-895539b elementor-widget elementor-widget-text-editor\" data-id=\"895539b\" data-element_type=\"widget\" data-e-type=\"widget\" data-widget_type=\"text-editor.default\">\n\t\t\t\t\t\t\t\t\t<p class=\"isSelectedEnd\">T\u00e4m\u00e4 tarkoittaa esimerkiksi:<\/p><ul><li style=\"list-style-type: none;\"><ul><li style=\"list-style-type: none;\"><ul data-spread=\"false\"><li><p class=\"isSelectedEnd\">vesiversojen poistamista<\/p><\/li><li><p class=\"isSelectedEnd\">liian tihe\u00e4n kasvun harventamista<\/p><\/li><li><p class=\"isSelectedEnd\">pienten, haittaavien oksien poistamista<\/p><\/li><\/ul><\/li><\/ul><\/li><\/ul>\t\t\t\t\t\t\t\t<\/div>\n\t\t\t\t<div class=\"elementor-element elementor-element-1813e6e elementor-widget elementor-widget-text-editor\" data-id=\"1813e6e\" data-element_type=\"widget\" data-e-type=\"widget\" data-widget_type=\"text-editor.default\">\n\t\t\t\t\t\t\t\t\t<p>Kes\u00e4leikkaus hillitsee puun kasvua ja auttaa pit\u00e4m\u00e4\u00e4n latvuksen ilmavana.<\/p>\t\t\t\t\t\t\t\t<\/div>\n\t\t\t\t<div class=\"elementor-element elementor-element-94e9bc2 elementor-widget elementor-widget-heading\" data-id=\"94e9bc2\" data-element_type=\"widget\" data-e-type=\"widget\" data-widget_type=\"heading.default\">\n\t\t\t\t\t<h4 class=\"elementor-heading-title elementor-size-default\">Syysleikkaus<\/h4>\t\t\t\t<\/div>\n\t\t\t\t<div class=\"elementor-element elementor-element-1066fe0 elementor-widget elementor-widget-text-editor\" data-id=\"1066fe0\" data-element_type=\"widget\" data-e-type=\"widget\" data-widget_type=\"text-editor.default\">\n\t\t\t\t\t\t\t\t\t<p>Syksyll\u00e4 omenapuita ei yleens\u00e4 suositella leikattavaksi. T\u00e4ll\u00f6in haavat eiv\u00e4t ehdi parantua kunnolla ennen talvea, mik\u00e4 voi altistaa puun pakkasvaurioille ja taudeille.<\/p>\t\t\t\t\t\t\t\t<\/div>\n\t\t\t\t<div class=\"elementor-element elementor-element-b39d2d4 elementor-widget elementor-widget-text-editor\" data-id=\"b39d2d4\" data-element_type=\"widget\" data-e-type=\"widget\" data-widget_type=\"text-editor.default\">\n\t\t\t\t\t\t\t\t\t<div class=\"nv-content-wrap entry-content\"><div class=\"elementor elementor-867\" data-elementor-type=\"page\" data-elementor-id=\"867\"><div class=\"elementor-element elementor-element-505d8410 e-con-full e-flex e-con e-parent e-lazyloaded\" data-id=\"505d8410\" data-element_type=\"container\" data-e-type=\"container\"><div class=\"elementor-element elementor-element-4da3f312 elementor-widget elementor-widget-text-editor\" data-id=\"4da3f312\" data-element_type=\"widget\" data-e-type=\"widget\" data-widget_type=\"text-editor.default\"><p class=\"isSelectedEnd\">Hyvin hoidettu omenapuu voi tuottaa satoa jopa vuosikymmenten ajan ja palkita runsailla, maukkailla omenilla.<\/p><\/div><\/div><\/div><\/div>\t\t\t\t\t\t\t\t<\/div>\n\t\t\t\t<div class=\"elementor-element elementor-element-078bebc elementor-widget elementor-widget-text-editor\" data-id=\"078bebc\" data-element_type=\"widget\" data-e-type=\"widget\" data-widget_type=\"text-editor.default\">\n\t\t\t\t\t\t\t\t\t<p><strong>S\u00e4\u00e4nn\u00f6llinen leikkaus ei siis ole pelk\u00e4st\u00e4\u00e4n puun hoitoa \u2013 se on sijoitus tuleviin satokausiin ja puutarhan hyvinvointiin.<\/strong><\/p>\t\t\t\t\t\t\t\t<\/div>\n\t\t\t\t<div class=\"elementor-element elementor-element-9ad8f3e elementor-widget elementor-widget-spacer\" data-id=\"9ad8f3e\" data-element_type=\"widget\" data-e-type=\"widget\" data-widget_type=\"spacer.default\">\n\t\t\t\t\t\t\t<div class=\"elementor-spacer\">\n\t\t\t<div class=\"elementor-spacer-inner\"><\/div>\n\t\t<\/div>\n\t\t\t\t\t\t<\/div>\n\t\t\t\t<\/div>\n\t\t<div class=\"elementor-element elementor-element-02250a0 e-con-full e-flex e-con e-parent\" data-id=\"02250a0\" data-element_type=\"container\" data-e-type=\"container\" data-settings=\"{&quot;background_background&quot;:&quot;classic&quot;}\">\n\t\t\t\t<div class=\"elementor-element elementor-element-5c9404e elementor-widget elementor-widget-heading\" data-id=\"5c9404e\" data-element_type=\"widget\" data-e-type=\"widget\" data-widget_type=\"heading.default\">\n\t\t\t\t\t<h2 class=\"elementor-heading-title elementor-size-default\">Usein kysytyt kysymykset omenapuun leikkauksesta<\/h2>\t\t\t\t<\/div>\n\t\t\t\t<div class=\"elementor-element elementor-element-79292ea elementor-widget elementor-widget-text-editor\" data-id=\"79292ea\" data-element_type=\"widget\" data-e-type=\"widget\" data-widget_type=\"text-editor.default\">\n\t\t\t\t\t\t\t\t\t<h5>Milloin omenapuu leikataan?<\/h5><p>Paras aika omenapuun leikkaukselle on varhain kev\u00e4\u00e4ll\u00e4 ennen silmujen puhkeamista.<\/p><h5>Voiko omenapuuta leikata kes\u00e4ll\u00e4?<\/h5><p>Kyll\u00e4. Kes\u00e4ll\u00e4 voidaan poistaa esimerkiksi vesiversoja ja harventaa latvusta.<\/p><h5>Kuinka paljon omenapuuta saa leikata?<\/h5><p>Yleens\u00e4 enint\u00e4\u00e4n noin 20-30% oksistosta kerralla.<\/p><p><strong>Pit\u00e4\u00e4k\u00f6 nuorta omenapuuta leikata?<\/strong><\/p><p>Kyll\u00e4. Nuoren omenapuun leikkaus auttaa muodostamaan vahvan rungon ja hyv\u00e4n latvusrakenteen.<\/p>\t\t\t\t\t\t\t\t<\/div>\n\t\t\t\t<\/div>\n\t\t<div class=\"elementor-element elementor-element-367a6df e-flex e-con-boxed e-con e-parent\" data-id=\"367a6df\" data-element_type=\"container\" data-e-type=\"container\">\n\t\t\t\t\t<div class=\"e-con-inner\">\n\t\t\t\t<div class=\"elementor-element elementor-element-2d63102 elementor-widget elementor-widget-spacer\" data-id=\"2d63102\" data-element_type=\"widget\" data-e-type=\"widget\" data-widget_type=\"spacer.default\">\n\t\t\t\t\t\t\t<div class=\"elementor-spacer\">\n\t\t\t<div class=\"elementor-spacer-inner\"><\/div>\n\t\t<\/div>\n\t\t\t\t\t\t<\/div>\n\t\t\t\t\t<\/div>\n\t\t\t\t<\/div>\n\t\t<div class=\"elementor-element elementor-element-ba77bde e-con-full e-flex e-con e-parent\" data-id=\"ba77bde\" data-element_type=\"container\" data-e-type=\"container\" data-settings=\"{&quot;background_background&quot;:&quot;classic&quot;}\">\n\t\t\t\t<div class=\"elementor-element elementor-element-d695889 elementor-widget elementor-widget-spacer\" data-id=\"d695889\" data-element_type=\"widget\" data-e-type=\"widget\" data-widget_type=\"spacer.default\">\n\t\t\t\t\t\t\t<div class=\"elementor-spacer\">\n\t\t\t<div class=\"elementor-spacer-inner\"><\/div>\n\t\t<\/div>\n\t\t\t\t\t\t<\/div>\n\t\t\t\t<div class=\"elementor-element elementor-element-b4d3fa0 elementor-widget elementor-widget-heading\" data-id=\"b4d3fa0\" data-element_type=\"widget\" data-e-type=\"widget\" data-widget_type=\"heading.default\">\n\t\t\t\t\t<h2 class=\"elementor-heading-title elementor-size-default\">Omenapuiden leikkaus palveluna<\/h2>\t\t\t\t<\/div>\n\t\t\t\t<div class=\"elementor-element elementor-element-705e00a elementor-widget elementor-widget-heading\" data-id=\"705e00a\" data-element_type=\"widget\" data-e-type=\"widget\" data-widget_type=\"heading.default\">\n\t\t\t\t\t<h2 class=\"elementor-heading-title elementor-size-default\"><a href=\"https:\/\/vihertava.fi\/index.php\/hinnasto\/\">Vihert\u00e4v\u00e4 hoitaa omenapuiden leikkaukset Lahdessa, Hollolassa ja Asikkalassa<\/a><\/h2>\t\t\t\t<\/div>\n\t\t\t\t<div class=\"elementor-element elementor-element-0e5880b elementor-widget elementor-widget-text-editor\" data-id=\"0e5880b\" data-element_type=\"widget\" data-e-type=\"widget\" data-widget_type=\"text-editor.default\">\n\t\t\t\t\t\t\t\t\t<p>Vihert\u00e4v\u00e4 tarjoaa omenapuiden leikkausta Lahdessa, Hollolassa ja Asikkalassa. Tutustu puutarhurin <span style=\"text-decoration: underline;\"><a href=\"https:\/\/vihertava.fi\/index.php\/puutarhurin-palvelut\/\">palveluihin<\/a><\/span> ja <span style=\"text-decoration: underline;\"><a href=\"https:\/\/vihertava.fi\/index.php\/hinnasto\/\">hinnastoon<\/a><\/span>.<\/p>\t\t\t\t\t\t\t\t<\/div>\n\t\t\t\t<div class=\"elementor-element elementor-element-d30b432 elementor-widget elementor-widget-text-editor\" data-id=\"d30b432\" data-element_type=\"widget\" data-e-type=\"widget\" data-widget_type=\"text-editor.default\">\n\t\t\t\t\t\t\t\t\t<p>Muistathan my\u00f6s, ett\u00e4 puutarhat\u00f6ist\u00e4 on mahdollista saada kotitalousv\u00e4hennyst\u00e4. Lue lis\u00e4\u00e4 <span style=\"text-decoration: underline;\"><a href=\"https:\/\/www.vero.fi\/henkiloasiakkaat\/verokortti-ja-veroilmoitus\/tulot-ja-vahennykset\/kotitalousvahennys\/\" target=\"_blank\" rel=\"noopener\">Vero.fi.<\/a><\/span><\/p>\t\t\t\t\t\t\t\t<\/div>\n\t\t\t\t<div class=\"elementor-element elementor-element-fbb0678 elementor-align-center elementor-widget elementor-widget-button\" data-id=\"fbb0678\" data-element_type=\"widget\" data-e-type=\"widget\" data-widget_type=\"button.default\">\n\t\t\t\t\t\t\t\t\t\t<a class=\"elementor-button elementor-button-link elementor-size-sm\" href=\"\">\n\t\t\t\t\t\t<span class=\"elementor-button-content-wrapper\">\n\t\t\t\t\t\t\t\t\t<span class=\"elementor-button-text\">Ota rohkeasti yhteytt\u00e4!<\/span>\n\t\t\t\t\t<\/span>\n\t\t\t\t\t<\/a>\n\t\t\t\t\t\t\t\t<\/div>\n\t\t\t\t<div class=\"elementor-element elementor-element-7ad2b5f elementor-widget elementor-widget-spacer\" data-id=\"7ad2b5f\" data-element_type=\"widget\" data-e-type=\"widget\" data-widget_type=\"spacer.default\">\n\t\t\t\t\t\t\t<div class=\"elementor-spacer\">\n\t\t\t<div class=\"elementor-spacer-inner\"><\/div>\n\t\t<\/div>\n\t\t\t\t\t\t<\/div>\n\t\t\t\t<\/div>\n\t\t<div class=\"elementor-element elementor-element-7164f71 e-flex e-con-boxed e-con e-parent\" data-id=\"7164f71\" data-element_type=\"container\" data-e-type=\"container\">\n\t\t\t\t\t<div class=\"e-con-inner\">\n\t\t\t\t<div class=\"elementor-element elementor-element-1455f09 elementor-widget elementor-widget-spacer\" data-id=\"1455f09\" data-element_type=\"widget\" data-e-type=\"widget\" data-widget_type=\"spacer.default\">\n\t\t\t\t\t\t\t<div class=\"elementor-spacer\">\n\t\t\t<div class=\"elementor-spacer-inner\"><\/div>\n\t\t<\/div>\n\t\t\t\t\t\t<\/div>\n\t\t\t\t\t<\/div>\n\t\t\t\t<\/div>\n\t\t\t\t<\/div>\n\t\t","protected":false},"excerpt":{"rendered":"<p>Omenapuiden leikkaus &#8211; n\u00e4in saat paremman sadon Omenapuiden leikkaus &#8211; n\u00e4in pid\u00e4t puun terveen\u00e4 ja sadon runsaana. T\u00e4ss\u00e4 oppaassa k\u00e4ymme l\u00e4pi miksi omenapuun leikkaus on t\u00e4rke\u00e4\u00e4 ja milloin se kannattaa tehd\u00e4. Omenapuun leikkaus on yksi t\u00e4rkeimmist\u00e4 toimenpiteist\u00e4, joilla voit pit\u00e4\u00e4 omenapuun terveen\u00e4 ja varmistaa hyv\u00e4n sadon vuodesta toiseen. Oikein tehty omenapuun leikkaus auttaa puuta kasvamaan&hellip;&nbsp;<a href=\"https:\/\/vihertava.fi\/index.php\/puutarhablogi\/omenapuiden-leikkaus\/\" rel=\"bookmark\"><span class=\"screen-reader-text\">Omenapuiden leikkaus<\/span><\/a><\/p>\n","protected":false},"author":1,"featured_media":0,"parent":842,"menu_order":0,"comment_status":"closed","ping_status":"closed","template":"page-templates\/template-pagebuilder-full-width.php","meta":{"neve_meta_sidebar":"","neve_meta_container":"","neve_meta_enable_content_width":"","neve_meta_content_width":0,"neve_meta_title_alignment":"","neve_meta_author_avatar":"","neve_post_elements_order":"","neve_meta_disable_header":"","neve_meta_disable_footer":"","neve_meta_disable_title":"","footnotes":""},"class_list":["post-861","page","type-page","status-publish","hentry"],"aioseo_notices":[],"_links":{"self":[{"href":"https:\/\/vihertava.fi\/index.php\/wp-json\/wp\/v2\/pages\/861","targetHints":{"allow":["GET"]}}],"collection":[{"href":"https:\/\/vihertava.fi\/index.php\/wp-json\/wp\/v2\/pages"}],"about":[{"href":"https:\/\/vihertava.fi\/index.php\/wp-json\/wp\/v2\/types\/page"}],"author":[{"embeddable":true,"href":"https:\/\/vihertava.fi\/index.php\/wp-json\/wp\/v2\/users\/1"}],"replies":[{"embeddable":true,"href":"https:\/\/vihertava.fi\/index.php\/wp-json\/wp\/v2\/comments?post=861"}],"version-history":[{"count":108,"href":"https:\/\/vihertava.fi\/index.php\/wp-json\/wp\/v2\/pages\/861\/revisions"}],"predecessor-version":[{"id":1296,"href":"https:\/\/vihertava.fi\/index.php\/wp-json\/wp\/v2\/pages\/861\/revisions\/1296"}],"up":[{"embeddable":true,"href":"https:\/\/vihertava.fi\/index.php\/wp-json\/wp\/v2\/pages\/842"}],"wp:attachment":[{"href":"https:\/\/vihertava.fi\/index.php\/wp-json\/wp\/v2\/media?parent=861"}],"curies":[{"name":"wp","href":"https:\/\/api.w.org\/{rel}","templated":true}]}}